{"id":660,"date":"2016-06-25T19:52:57","date_gmt":"2016-06-25T16:52:57","guid":{"rendered":"https:\/\/www.appelma.com\/en\/?page_id=660"},"modified":"2016-06-29T10:21:27","modified_gmt":"2016-06-29T07:21:27","slug":"ethylene-converters","status":"publish","type":"page","link":"https:\/\/www.appelma.com\/en\/ethylene-converters\/","title":{"rendered":"Ethylene Converters"},"content":{"rendered":"<p><div class=\"image_frame image_item no_link scale-with-grid alignleft has_border\" ><div class=\"image_wrapper\"><img loading=\"lazy\" decoding=\"async\" class=\"scale-with-grid\" src=\"https:\/\/www.appelma.com\/wp-content\/uploads\/2016\/03\/Etilen-Ayristirici-1.jpg\" alt=\"Etilen Ayr\u0131\u015ft\u0131r\u0131c\u0131\" width=\"200\" height=\"199\" \/><\/div><\/div>\n<br \/>\n<span style=\"font-weight: 400;\">Fruit varieties that are sensitive to ethylene (under CA conditions), such as kiwis, require an ethylene converter. The ethylene converter from Van Amerongen removes ethylene from the cool cells using catalytic combustion; ethylene can thus be maintained at any required level, both in terms of a ppm or ppb range. The use of the Swing Term principle, actually a huge heat exchanger, means that purified air is only slightly heated. The ethylene converter uses oxygen to convert ethylene into CO2 and water, both inert substances.<\/span><\/p>\n<p>&nbsp;<\/p>\n<p>&nbsp;<\/p>\n<p>&nbsp;<\/p>\n<p><b>Ethylene converter for;<\/b><div class=\"image_frame image_item no_link scale-with-grid alignright has_border\" ><div class=\"image_wrapper\"><img loading=\"lazy\" decoding=\"async\" class=\"scale-with-grid\" src=\"https:\/\/www.appelma.com\/wp-content\/uploads\/2016\/03\/Etilen-Ayristirici-2.jpg\" alt=\"\" width=\"282\" height=\"300\" \/><\/div><\/div>\n<\/p>\n<ul>\n<li><span style=\"font-weight: 400;\">Maximum cooling of air, via top quality heat exchanger (Porcelain honeycomb);<\/span><\/li>\n<li><span style=\"font-weight: 400;\">High catalytic value via high platinum aluminium granules (0.6 g kg-1);<\/span><\/li>\n<li><span style=\"font-weight: 400;\">Low optimum combustion temperature of 250\u00b0C;<\/span><\/li>\n<li><span style=\"font-weight: 400;\">A temperature difference between ingoing and\u00a0<\/span><span style=\"font-weight: 400;\">outgoing air of &lt;5\u00b0c.<\/span><\/li>\n<\/ul>\n<p>&nbsp;<\/p>\n<p><b>Advantages of our Porcelain Honeycomb heat-exchanger compared to ordinary ceramic balls or grains (split):<\/b><\/p>\n<ul>\n<li><span style=\"font-weight: 400;\">Improved thermal efficiency;<\/span><\/li>\n<li><span style=\"font-weight: 400;\">Reduced pressure loss over thermal bed<\/span><\/li>\n<li><span style=\"font-weight: 400;\">Quicker heat exchange;<\/span><\/li>\n<li><span style=\"font-weight: 400;\">Reduced weight.<\/span><\/li>\n<\/ul>\n","protected":false},"excerpt":{"rendered":"<p>Fruit varieties that are sensitive to ethylene (under CA conditions), such as kiwis, require an ethylene converter. The ethylene converter from Van Amerongen removes ethylene from [&hellip;]<\/p>\n","protected":false},"author":3,"featured_media":0,"parent":0,"menu_order":0,"comment_status":"closed","ping_status":"closed","template":"","meta":{"footnotes":""},"class_list":["post-660","page","type-page","status-publish","hentry"],"_links":{"self":[{"href":"https:\/\/www.appelma.com\/en\/wp-json\/wp\/v2\/pages\/660"}],"collection":[{"href":"https:\/\/www.appelma.com\/en\/wp-json\/wp\/v2\/pages"}],"about":[{"href":"https:\/\/www.appelma.com\/en\/wp-json\/wp\/v2\/types\/page"}],"author":[{"embeddable":true,"href":"https:\/\/www.appelma.com\/en\/wp-json\/wp\/v2\/users\/3"}],"replies":[{"embeddable":true,"href":"https:\/\/www.appelma.com\/en\/wp-json\/wp\/v2\/comments?post=660"}],"version-history":[{"count":5,"href":"https:\/\/www.appelma.com\/en\/wp-json\/wp\/v2\/pages\/660\/revisions"}],"predecessor-version":[{"id":755,"href":"https:\/\/www.appelma.com\/en\/wp-json\/wp\/v2\/pages\/660\/revisions\/755"}],"wp:attachment":[{"href":"https:\/\/www.appelma.com\/en\/wp-json\/wp\/v2\/media?parent=660"}],"curies":[{"name":"wp","href":"https:\/\/api.w.org\/{rel}","templated":true}]}}